{"id":40,"date":"2020-02-28T16:52:44","date_gmt":"2020-02-28T15:52:44","guid":{"rendered":"http:\/\/fdlxgif.cluster026.hosting.ovh.net\/index.php\/page-daccueil\/"},"modified":"2020-03-19T17:47:17","modified_gmt":"2020-03-19T16:47:17","slug":"page-daccueil","status":"publish","type":"page","link":"https:\/\/www.dns-engineering.fr\/","title":{"rendered":"Page d\u2019accueil"},"content":{"rendered":"<div id=\"pl-40\"  class=\"panel-layout\" ><div id=\"pg-40-0\"  class=\"panel-grid panel-no-style\" ><div id=\"pgc-40-0-0\"  class=\"panel-grid-cell\" ><div id=\"panel-40-0-0-0\" class=\"so-panel widget widget_sow-editor panel-first-child panel-last-child\" data-index=\"0\" ><div\n\t\t\t\n\t\t\tclass=\"so-widget-sow-editor so-widget-sow-editor-base\"\n\t\t\t\n\t\t>\n<div class=\"siteorigin-widget-tinymce textwidget\">\n\t<h1 style=\"text-align: center;\">Gestion de projets complexes de construction<\/h1>\n<p style=\"text-align: center;\">Mission de suivi tout au long du projet<\/p>\n<\/div>\n<\/div><\/div><\/div><div id=\"pgc-40-0-1\"  class=\"panel-grid-cell\" ><div id=\"panel-40-0-1-0\" class=\"so-panel widget widget_sow-editor panel-first-child panel-last-child\" data-index=\"1\" ><div\n\t\t\t\n\t\t\tclass=\"so-widget-sow-editor so-widget-sow-editor-base\"\n\t\t\t\n\t\t>\n<div class=\"siteorigin-widget-tinymce textwidget\">\n\t<h1 style=\"text-align: center;\">Conseil op\u00e9rationnel<\/h1>\n<p style=\"text-align: center;\">Mission ponctuelle de s\u00e9curisation des risques<\/p>\n<\/div>\n<\/div><\/div><\/div><\/div><div id=\"pg-40-1\"  class=\"panel-grid panel-has-style\" ><div class=\"wide-grey panel-row-style panel-row-style-for-40-1\" ><div id=\"pgc-40-1-0\"  class=\"panel-grid-cell\" ><div id=\"panel-40-1-0-0\" class=\"so-panel widget widget_headline-widget panel-first-child panel-last-child\" data-index=\"2\" >\t\t<h1>Agilit\u00e9, Simplicit\u00e9 et Action<\/h1>\n\t\t<div class=\"decoration\"><div class=\"decoration-inside\"><\/div><\/div>\n\t\t<h3><\/h3>\n\t\t<\/div><\/div><\/div><\/div><div id=\"pg-40-2\"  class=\"panel-grid panel-no-style\" ><div id=\"pgc-40-2-0\"  class=\"panel-grid-cell\" ><div id=\"panel-40-2-0-0\" class=\"so-panel widget widget_siteorigin-panels-postloop panel-first-child panel-last-child\" data-index=\"3\" ><h3 class=\"widget-title\"><span class=\"vantage-carousel-title\"><span class=\"vantage-carousel-title-text\">Nos r\u00e9f\u00e9rences<\/span><a href=\"#\" class=\"next\" title=\"Next\"><span class=\"vantage-icon-arrow-right\"><\/span><\/a><a href=\"#\" class=\"previous\" title=\"Previous\"><span class=\"vantage-icon-arrow-left\"><\/span><\/a><\/span><\/h3><div class=\"vantage-carousel-wrapper\">\n\t\n\t<ul\n\t\tclass=\"vantage-carousel\"\n\t\tdata-query=\"{&quot;post_status&quot;:&quot;publish&quot;,&quot;posts_per_page&quot;:4,&quot;post_type&quot;:&quot;post&quot;,&quot;date_type&quot;:&quot;specific&quot;,&quot;date_query&quot;:{&quot;after&quot;:&quot;&quot;,&quot;before&quot;:&quot;&quot;,&quot;inclusive&quot;:true},&quot;date_query_relative&quot;:&quot;{\\&quot;from\\&quot;:[],\\&quot;to\\&quot;:[]}&quot;,&quot;orderby&quot;:&quot;date&quot;,&quot;order&quot;:&quot;DESC&quot;,&quot;post__not_in&quot;:[40,40],&quot;paged&quot;:1,&quot;fields&quot;:&quot;all&quot;,&quot;lazy_load_term_meta&quot;:true}\"\n\t\tdata-ajax-url=\"https:\/\/www.dns-engineering.fr\/wp-admin\/admin-ajax.php?vantage_carousel_nonce=e32749691c\"\n\t>\n\t\t\t\t\t<li class=\"carousel-entry\">\n\t\t\t\t<div class=\"thumbnail\">\n\t\t\t\t\t\t\t\t\t\t\t<a href=\"https:\/\/www.dns-engineering.fr\/index.php\/2021\/06\/27\/eole-rer-e-accompagnement-gestion-de-contrat\/\" style=\"background-image: url(https:\/\/www.dns-engineering.fr\/wp-content\/uploads\/2021\/06\/eole-map-popup-272x182.jpg)\">\n\t\t\t\t\t\t<\/a>\n\t\t\t\t\t\t\t\t\t<\/div>\n\t\t\t\t\t\t\t\t<h3><a href=\"https:\/\/www.dns-engineering.fr\/index.php\/2021\/06\/27\/eole-rer-e-accompagnement-gestion-de-contrat\/\">EOLE RER E &#8211; Accompagnement gestion de contrat<\/a><\/h3>\n\t\t\t<\/li>\n\t\t\t\t\t<li class=\"carousel-entry\">\n\t\t\t\t<div class=\"thumbnail\">\n\t\t\t\t\t\t\t\t\t\t\t<a href=\"https:\/\/www.dns-engineering.fr\/index.php\/2021\/06\/25\/centrale-a-cycle-combine-au-gaz-naturel-assistance-dans-la-gestion-contractuelle\/\" style=\"background-image: url(https:\/\/www.dns-engineering.fr\/wp-content\/uploads\/2021\/06\/Landivisiau-0-1-272x182.png)\">\n\t\t\t\t\t\t<\/a>\n\t\t\t\t\t\t\t\t\t<\/div>\n\t\t\t\t\t\t\t\t<h3><a href=\"https:\/\/www.dns-engineering.fr\/index.php\/2021\/06\/25\/centrale-a-cycle-combine-au-gaz-naturel-assistance-dans-la-gestion-contractuelle\/\">Centrale \u00e0 cycle Combin\u00e9 au Gaz Naturel &#8211; Assistance dans la gestion contractuelle<\/a><\/h3>\n\t\t\t<\/li>\n\t\t\t\t\t<li class=\"carousel-entry\">\n\t\t\t\t<div class=\"thumbnail\">\n\t\t\t\t\t\t\t\t\t\t\t<a href=\"https:\/\/www.dns-engineering.fr\/index.php\/2021\/06\/25\/ccs-le-mans-coordination-des-etudes\/\" style=\"background-image: url(https:\/\/www.dns-engineering.fr\/wp-content\/uploads\/2021\/06\/CCS-272x182.png)\">\n\t\t\t\t\t\t<\/a>\n\t\t\t\t\t\t\t\t\t<\/div>\n\t\t\t\t\t\t\t\t<h3><a href=\"https:\/\/www.dns-engineering.fr\/index.php\/2021\/06\/25\/ccs-le-mans-coordination-des-etudes\/\">CCS Le Mans &#8211; Coordination des \u00e9tudes du groupement et accompagnement du mandataire<\/a><\/h3>\n\t\t\t<\/li>\n\t\t\t\t\t<li class=\"carousel-entry\">\n\t\t\t\t<div class=\"thumbnail\">\n\t\t\t\t\t\t\t\t\t\t\t<a href=\"https:\/\/www.dns-engineering.fr\/index.php\/2021\/06\/25\/ordener-assistance-a-demarrage-de-travaux\/\" style=\"background-image: url(https:\/\/www.dns-engineering.fr\/wp-content\/uploads\/2021\/06\/Ordener-272x182.png)\">\n\t\t\t\t\t\t<\/a>\n\t\t\t\t\t\t\t\t\t<\/div>\n\t\t\t\t\t\t\t\t<h3><a href=\"https:\/\/www.dns-engineering.fr\/index.php\/2021\/06\/25\/ordener-assistance-a-demarrage-de-travaux\/\">Ordener &#8211; Assistance \u00e0 d\u00e9marrage de travaux<\/a><\/h3>\n\t\t\t<\/li>\n\t\t\t<\/ul>\n<\/div>\n<\/div><\/div><\/div><\/div>","protected":false},"excerpt":{"rendered":"<p>La mission DNS Engineering a \u00e9t\u00e9 int\u00e9gr\u00e9 l&rsquo;\u00e9quipe de l&rsquo;AMOA. L&rsquo;objectif \u00e9tait de participer au d\u00e9marrage de l&rsquo;op\u00e9ration en phase travaux : Dynamiser les \u00e9changes entre les acteurs du projet (entreprises, bureaux d\u2019\u00e9tudes, architecte, bureau de contr\u00f4le\u2026), Participer aux r\u00e9unions de travaux dans l\u2019objectif de lancer les travaux de fondations et de gros \u0153uvre, Le [&hellip;]<\/p>\n","protected":false},"author":1,"featured_media":0,"parent":0,"menu_order":0,"comment_status":"closed","ping_status":"closed","template":"home-panels.php","meta":{"footnotes":""},"class_list":["post-40","page","type-page","status-publish","hentry","post","post-with-thumbnail","post-with-thumbnail-icon"],"_links":{"self":[{"href":"https:\/\/www.dns-engineering.fr\/index.php\/wp-json\/wp\/v2\/pages\/40","targetHints":{"allow":["GET"]}}],"collection":[{"href":"https:\/\/www.dns-engineering.fr\/index.php\/wp-json\/wp\/v2\/pages"}],"about":[{"href":"https:\/\/www.dns-engineering.fr\/index.php\/wp-json\/wp\/v2\/types\/page"}],"author":[{"embeddable":true,"href":"https:\/\/www.dns-engineering.fr\/index.php\/wp-json\/wp\/v2\/users\/1"}],"replies":[{"embeddable":true,"href":"https:\/\/www.dns-engineering.fr\/index.php\/wp-json\/wp\/v2\/comments?post=40"}],"version-history":[{"count":1,"href":"https:\/\/www.dns-engineering.fr\/index.php\/wp-json\/wp\/v2\/pages\/40\/revisions"}],"predecessor-version":[{"id":50,"href":"https:\/\/www.dns-engineering.fr\/index.php\/wp-json\/wp\/v2\/pages\/40\/revisions\/50"}],"wp:attachment":[{"href":"https:\/\/www.dns-engineering.fr\/index.php\/wp-json\/wp\/v2\/media?parent=40"}],"curies":[{"name":"wp","href":"https:\/\/api.w.org\/{rel}","templated":true}]}}