{"id":127,"date":"2020-03-09T11:21:39","date_gmt":"2020-03-09T10:21:39","guid":{"rendered":"https:\/\/www.dns-engineering.fr\/?page_id=127"},"modified":"2023-09-19T10:10:04","modified_gmt":"2023-09-19T08:10:04","slug":"nos-missions","status":"publish","type":"page","link":"https:\/\/www.dns-engineering.fr\/index.php\/nos-missions\/","title":{"rendered":"Missions"},"content":{"rendered":"<div id=\"pl-127\"  class=\"panel-layout\" ><div id=\"pg-127-0\"  class=\"panel-grid panel-no-style\" ><div id=\"pgc-127-0-0\"  class=\"panel-grid-cell\" ><div id=\"panel-127-0-0-0\" class=\"so-panel widget widget_sow-editor panel-first-child panel-last-child\" data-index=\"0\" ><div\n\t\t\t\n\t\t\tclass=\"so-widget-sow-editor so-widget-sow-editor-base\"\n\t\t\t\n\t\t>\n<div class=\"siteorigin-widget-tinymce textwidget\">\n\t<h1>Voici une vision des missions d\u00e9j\u00e0 confi\u00e9es pour le suivi de projet complexe :<\/h1>\n<\/div>\n<\/div><\/div><\/div><\/div><div id=\"pg-127-1\"  class=\"panel-grid panel-no-style\" ><div id=\"pgc-127-1-0\"  class=\"panel-grid-cell\" ><div id=\"panel-127-1-0-0\" class=\"so-panel widget widget_sow-editor panel-first-child panel-last-child\" data-index=\"1\" ><div\n\t\t\t\n\t\t\tclass=\"so-widget-sow-editor so-widget-sow-editor-base\"\n\t\t\t\n\t\t>\n<div class=\"siteorigin-widget-tinymce textwidget\">\n\t<h4 style=\"text-align: center;\">Ordonnancement Pilotage Coordination<\/h4>\n<p style=\"text-align: left;\">Aupr\u00e8s de la direction du projet\u00a0 :<\/p>\n<ul>\n<li style=\"text-align: left;\">Participation \u00e0 la coordination des \u00e9tudes,<\/li>\n<li>Montage du planning client,<\/li>\n<li>Montage du planning objectif,<\/li>\n<li>Pilotage de r\u00e9unions,<\/li>\n<li>R\u00e9daction de compte rendus,<\/li>\n<li>Pointage du planning<\/li>\n<\/ul>\n<\/div>\n<\/div><\/div><\/div><div id=\"pgc-127-1-1\"  class=\"panel-grid-cell\" ><div id=\"panel-127-1-1-0\" class=\"so-panel widget widget_sow-editor panel-first-child panel-last-child\" data-index=\"2\" ><div\n\t\t\t\n\t\t\tclass=\"so-widget-sow-editor so-widget-sow-editor-base\"\n\t\t\t\n\t\t>\n<div class=\"siteorigin-widget-tinymce textwidget\">\n\t<h4 style=\"text-align: center;\">Accompagnement de Conception Construction<\/h4>\n<ul>\n<li>Accompagnement du mandataire dans la gestion du groupement,<\/li>\n<li>Participation aux d\u00e9finitions des organisations propres \u00e0 chaque phases du projet (Etude de conception, Etude d'ex\u00e9cution et de synth\u00e8se, R\u00e9alisation des travaux, Exploitation, ...),<\/li>\n<li>Organisation des Comit\u00e9s de Direction du groupement, R\u00e9daction des ordres du jours, Animation de la r\u00e9union, R\u00e9dactions des comptes rendus,<\/li>\n<li>Remont\u00e9e des points de saillants des Op\u00e9rationnels vers le Comit\u00e9 de Direction du groupement.<\/li>\n<\/ul>\n<\/div>\n<\/div><\/div><\/div><div id=\"pgc-127-1-2\"  class=\"panel-grid-cell\" ><div id=\"panel-127-1-2-0\" class=\"so-panel widget widget_sow-editor panel-first-child panel-last-child\" data-index=\"3\" ><div\n\t\t\t\n\t\t\tclass=\"so-widget-sow-editor so-widget-sow-editor-base\"\n\t\t\t\n\t\t>\n<div class=\"siteorigin-widget-tinymce textwidget\">\n\t<h4 style=\"text-align: center;\">Acc\u00e9l\u00e9ration de projets<\/h4>\n<ul>\n<li>Analyse avec les op\u00e9rationnels du changement d\u2019organisation et de l\u2019adaptation des moyens \u00e0 mettre en \u0153uvre,<\/li>\n<li>R\u00e9daction des pi\u00e8ces explicatives d\u2019acc\u00e9l\u00e9rations de projets,<\/li>\n<li>Mise \u00e0 jour du planning,<\/li>\n<\/ul>\n<\/div>\n<\/div><\/div><\/div><\/div><div id=\"pg-127-2\"  class=\"panel-grid panel-no-style\" ><div id=\"pgc-127-2-0\"  class=\"panel-grid-cell\" ><div id=\"panel-127-2-0-0\" class=\"so-panel widget widget_sow-editor panel-first-child panel-last-child\" data-index=\"4\" ><div\n\t\t\t\n\t\t\tclass=\"so-widget-sow-editor so-widget-sow-editor-base\"\n\t\t\t\n\t\t>\n<div class=\"siteorigin-widget-tinymce textwidget\">\n\t<h4 style=\"text-align: center;\">Assistance \u00e0 gestion de projet<\/h4>\n<p style=\"text-align: left;\">Aupr\u00e8s de la direction du projet ou des conducteurs de travaux :<\/p>\n<ul>\n<li style=\"text-align: left;\">Participation \u00e0 la coordination des \u00e9tudes et des travaux,<\/li>\n<li>Montage d'\u00e9quipes,<\/li>\n<li>Mise en place de processus.<\/li>\n<\/ul>\n<\/div>\n<\/div><\/div><\/div><div id=\"pgc-127-2-1\"  class=\"panel-grid-cell panel-grid-cell-mobile-last\" ><div id=\"panel-127-2-1-0\" class=\"so-panel widget widget_sow-editor panel-first-child panel-last-child\" data-index=\"5\" ><div\n\t\t\t\n\t\t\tclass=\"so-widget-sow-editor so-widget-sow-editor-base\"\n\t\t\t\n\t\t>\n<div class=\"siteorigin-widget-tinymce textwidget\">\n\t<h4 style=\"text-align: center;\">Organisation de processus<\/h4>\n<ul>\n<li>D\u00e9finir un processus de validation des \u00e9tudes d\u2019ex\u00e9cution afin de respecter les d\u00e9lais pr\u00e9vus,<\/li>\n<li>D\u00e9finir un processus interne de traitement afin de respecter les d\u00e9lais pr\u00e9vus.<\/li>\n<\/ul>\n<\/div>\n<\/div><\/div><\/div><div id=\"pgc-127-2-2\"  class=\"panel-grid-cell panel-grid-cell-empty\" ><\/div><\/div><div id=\"pg-127-3\"  class=\"panel-grid panel-no-style\" ><div id=\"pgc-127-3-0\"  class=\"panel-grid-cell\" ><div id=\"panel-127-3-0-0\" class=\"so-panel widget widget_sow-editor panel-first-child panel-last-child\" data-index=\"6\" ><div\n\t\t\t\n\t\t\tclass=\"so-widget-sow-editor so-widget-sow-editor-base\"\n\t\t\t\n\t\t>\n<div class=\"siteorigin-widget-tinymce textwidget\">\n\t<h1>Voici une vision des missions d\u00e9j\u00e0 confi\u00e9es pour le conseil :<\/h1>\n<\/div>\n<\/div><\/div><\/div><\/div><div id=\"pg-127-4\"  class=\"panel-grid panel-no-style\" ><div id=\"pgc-127-4-0\"  class=\"panel-grid-cell\" ><div id=\"panel-127-4-0-0\" class=\"so-panel widget widget_sow-editor panel-first-child panel-last-child\" data-index=\"7\" ><div\n\t\t\t\n\t\t\tclass=\"so-widget-sow-editor so-widget-sow-editor-base\"\n\t\t\t\n\t\t>\n<div class=\"siteorigin-widget-tinymce textwidget\">\n\t<h4 style=\"text-align: center;\">Analyse de March\u00e9<\/h4>\n<ul>\n<li>Synth\u00e8se des avis sur les pi\u00e8ces March\u00e9,<\/li>\n<li>Synth\u00e8se des propositions de n\u00e9gociations,<\/li>\n<li>Accompagnement en phase de n\u00e9gociation.<\/li>\n<\/ul>\n<p>&nbsp;<\/p>\n<\/div>\n<\/div><\/div><\/div><div id=\"pgc-127-4-1\"  class=\"panel-grid-cell\" ><div id=\"panel-127-4-1-0\" class=\"so-panel widget widget_sow-editor panel-first-child panel-last-child\" data-index=\"8\" ><div\n\t\t\t\n\t\t\tclass=\"so-widget-sow-editor so-widget-sow-editor-base\"\n\t\t\t\n\t\t>\n<div class=\"siteorigin-widget-tinymce textwidget\">\n\t<h4 style=\"text-align: center;\">Accompagnement en n\u00e9gociation<\/h4>\n<ul>\n<li>Proposition d\u2019ordre du jour,<\/li>\n<li>Pr\u00e9paration du rendez-vous par la production de documents synth\u00e9tiques,<\/li>\n<li>Pr\u00e9parations des issues possibles au rendez-vous\u00a0afin de :\n<ul>\n<li>Pr\u00e9parer les concessions acceptables,<\/li>\n<li>Demander les contreparties,<\/li>\n<li>Prot\u00e9ger les points incontournables,<\/li>\n<\/ul>\n<\/li>\n<li>Participer aux r\u00e9unions de n\u00e9gociation en soutien aux op\u00e9rationnels.<\/li>\n<\/ul>\n<p>&nbsp;<\/p>\n<\/div>\n<\/div><\/div><\/div><div id=\"pgc-127-4-2\"  class=\"panel-grid-cell\" ><div id=\"panel-127-4-2-0\" class=\"so-panel widget widget_sow-editor panel-first-child panel-last-child\" data-index=\"9\" ><div\n\t\t\t\n\t\t\tclass=\"so-widget-sow-editor so-widget-sow-editor-base\"\n\t\t\t\n\t\t>\n<div class=\"siteorigin-widget-tinymce textwidget\">\n\t<h4 style=\"text-align: center;\">N\u00e9gociation des contrats de sous-traitance<\/h4>\n<p>Aupr\u00e8s de l\u2019\u00e9quipe\u00a0 :<\/p>\n<ul>\n<li>Synth\u00e8se des avis de l'entreprise et du sous-traitant sur le mod\u00e8le de contrat,<\/li>\n<li>Participation aux rendez-vous de mise au point,<\/li>\n<\/ul>\n<\/div>\n<\/div><\/div><\/div><\/div><div id=\"pg-127-5\"  class=\"panel-grid panel-no-style\" ><div id=\"pgc-127-5-0\"  class=\"panel-grid-cell\" ><div id=\"panel-127-5-0-0\" class=\"so-panel widget widget_sow-editor panel-first-child panel-last-child\" data-index=\"10\" ><div\n\t\t\t\n\t\t\tclass=\"so-widget-sow-editor so-widget-sow-editor-base\"\n\t\t\t\n\t\t>\n<div class=\"siteorigin-widget-tinymce textwidget\">\n\t<h4 style=\"text-align: center;\">Collecte de preuves (<em>a posteriori<\/em>)<\/h4>\n<p>Aupr\u00e8s de l\u2019\u00e9quipe en charge de la r\u00e9alisation des travaux ou des \u00e9tudes :<\/p>\n<ul>\n<li>recherche des modifications apport\u00e9es aux projets,<\/li>\n<li>recherche des \u00e9v\u00e8nements ext\u00e9rieurs perturbateurs,<\/li>\n<li>explication de la causalit\u00e9.<\/li>\n<\/ul>\n<\/div>\n<\/div><\/div><\/div><div id=\"pgc-127-5-1\"  class=\"panel-grid-cell\" ><div id=\"panel-127-5-1-0\" class=\"so-panel widget widget_sow-editor panel-first-child panel-last-child\" data-index=\"11\" ><div\n\t\t\t\n\t\t\tclass=\"so-widget-sow-editor so-widget-sow-editor-base\"\n\t\t\t\n\t\t>\n<div class=\"siteorigin-widget-tinymce textwidget\">\n\t<h4 style=\"text-align: center;\">Analyse de planning et des retards<\/h4>\n<ul>\n<li>Analyser les origines du retard d'un projet,<\/li>\n<li>Pr\u00e9venir le d\u00e9calage de d\u00e9lais,<\/li>\n<li>Produire les documents exploitables pour communiquer en interne et avec le client.<\/li>\n<\/ul>\n<p>&nbsp;<\/p>\n<\/div>\n<\/div><\/div><\/div><div id=\"pgc-127-5-2\"  class=\"panel-grid-cell\" ><div id=\"panel-127-5-2-0\" class=\"so-panel widget widget_sow-editor panel-first-child panel-last-child\" data-index=\"12\" ><div\n\t\t\t\n\t\t\tclass=\"so-widget-sow-editor so-widget-sow-editor-base\"\n\t\t\t\n\t\t>\n<div class=\"siteorigin-widget-tinymce textwidget\">\n\t<h4 style=\"text-align: center;\">R\u00e9daction de devis<\/h4>\n<ul>\n<li>Estimer le co\u00fbt des modifications de projet,<\/li>\n<li>Estimer le co\u00fbt d'une prolongation de d\u00e9lais,<\/li>\n<li>Estimer le co\u00fbt d'une optimisation de planning.<\/li>\n<\/ul>\n<p>&nbsp;<\/p>\n<\/div>\n<\/div><\/div><\/div><\/div><div id=\"pg-127-6\"  class=\"panel-grid panel-no-style\" ><div id=\"pgc-127-6-0\"  class=\"panel-grid-cell\" ><div id=\"panel-127-6-0-0\" class=\"so-panel widget widget_siteorigin-panels-postloop panel-first-child panel-last-child\" data-index=\"13\" ><h3 class=\"widget-title\"><span class=\"vantage-carousel-title\"><span class=\"vantage-carousel-title-text\">Nos r\u00e9f\u00e9rences<\/span><a href=\"#\" class=\"next\" title=\"Next\"><span class=\"vantage-icon-arrow-right\"><\/span><\/a><a href=\"#\" class=\"previous\" title=\"Previous\"><span class=\"vantage-icon-arrow-left\"><\/span><\/a><\/span><\/h3><div class=\"vantage-carousel-wrapper\">\n\t\n\t<ul\n\t\tclass=\"vantage-carousel\"\n\t\tdata-query=\"{&quot;post_status&quot;:&quot;publish&quot;,&quot;posts_per_page&quot;:4,&quot;post_type&quot;:&quot;post&quot;,&quot;tax_query&quot;:{&quot;relation&quot;:&quot;OR&quot;,&quot;0&quot;:{&quot;taxonomy&quot;:&quot;category&quot;,&quot;field&quot;:&quot;slug&quot;,&quot;terms&quot;:&quot;references&quot;}},&quot;date_type&quot;:&quot;specific&quot;,&quot;date_query&quot;:{&quot;after&quot;:&quot;&quot;,&quot;before&quot;:&quot;&quot;,&quot;inclusive&quot;:true},&quot;date_query_relative&quot;:&quot;{\\&quot;from\\&quot;:[],\\&quot;to\\&quot;:[]}&quot;,&quot;orderby&quot;:&quot;date&quot;,&quot;order&quot;:&quot;DESC&quot;,&quot;post__not_in&quot;:[127,127],&quot;paged&quot;:1,&quot;category_name&quot;:&quot;references&quot;,&quot;cat&quot;:2,&quot;fields&quot;:&quot;all&quot;,&quot;lazy_load_term_meta&quot;:true}\"\n\t\tdata-ajax-url=\"https:\/\/www.dns-engineering.fr\/wp-admin\/admin-ajax.php?vantage_carousel_nonce=1642456c01\"\n\t>\n\t\t\t\t\t<li class=\"carousel-entry\">\n\t\t\t\t<div class=\"thumbnail\">\n\t\t\t\t\t\t\t\t\t\t\t<a href=\"https:\/\/www.dns-engineering.fr\/index.php\/2021\/06\/27\/eole-rer-e-accompagnement-gestion-de-contrat\/\" style=\"background-image: url(https:\/\/www.dns-engineering.fr\/wp-content\/uploads\/2021\/06\/eole-map-popup-272x182.jpg)\">\n\t\t\t\t\t\t<\/a>\n\t\t\t\t\t\t\t\t\t<\/div>\n\t\t\t\t\t\t\t\t<h3><a href=\"https:\/\/www.dns-engineering.fr\/index.php\/2021\/06\/27\/eole-rer-e-accompagnement-gestion-de-contrat\/\">EOLE RER E &#8211; Accompagnement gestion de contrat<\/a><\/h3>\n\t\t\t<\/li>\n\t\t\t\t\t<li class=\"carousel-entry\">\n\t\t\t\t<div class=\"thumbnail\">\n\t\t\t\t\t\t\t\t\t\t\t<a href=\"https:\/\/www.dns-engineering.fr\/index.php\/2021\/06\/25\/centrale-a-cycle-combine-au-gaz-naturel-assistance-dans-la-gestion-contractuelle\/\" style=\"background-image: url(https:\/\/www.dns-engineering.fr\/wp-content\/uploads\/2021\/06\/Landivisiau-0-1-272x182.png)\">\n\t\t\t\t\t\t<\/a>\n\t\t\t\t\t\t\t\t\t<\/div>\n\t\t\t\t\t\t\t\t<h3><a href=\"https:\/\/www.dns-engineering.fr\/index.php\/2021\/06\/25\/centrale-a-cycle-combine-au-gaz-naturel-assistance-dans-la-gestion-contractuelle\/\">Centrale \u00e0 cycle Combin\u00e9 au Gaz Naturel &#8211; Assistance dans la gestion contractuelle<\/a><\/h3>\n\t\t\t<\/li>\n\t\t\t\t\t<li class=\"carousel-entry\">\n\t\t\t\t<div class=\"thumbnail\">\n\t\t\t\t\t\t\t\t\t\t\t<a href=\"https:\/\/www.dns-engineering.fr\/index.php\/2021\/06\/25\/ccs-le-mans-coordination-des-etudes\/\" style=\"background-image: url(https:\/\/www.dns-engineering.fr\/wp-content\/uploads\/2021\/06\/CCS-272x182.png)\">\n\t\t\t\t\t\t<\/a>\n\t\t\t\t\t\t\t\t\t<\/div>\n\t\t\t\t\t\t\t\t<h3><a href=\"https:\/\/www.dns-engineering.fr\/index.php\/2021\/06\/25\/ccs-le-mans-coordination-des-etudes\/\">CCS Le Mans &#8211; Coordination des \u00e9tudes du groupement et accompagnement du mandataire<\/a><\/h3>\n\t\t\t<\/li>\n\t\t\t\t\t<li class=\"carousel-entry\">\n\t\t\t\t<div class=\"thumbnail\">\n\t\t\t\t\t\t\t\t\t\t\t<a href=\"https:\/\/www.dns-engineering.fr\/index.php\/2021\/06\/25\/ordener-assistance-a-demarrage-de-travaux\/\" style=\"background-image: url(https:\/\/www.dns-engineering.fr\/wp-content\/uploads\/2021\/06\/Ordener-272x182.png)\">\n\t\t\t\t\t\t<\/a>\n\t\t\t\t\t\t\t\t\t<\/div>\n\t\t\t\t\t\t\t\t<h3><a href=\"https:\/\/www.dns-engineering.fr\/index.php\/2021\/06\/25\/ordener-assistance-a-demarrage-de-travaux\/\">Ordener &#8211; Assistance \u00e0 d\u00e9marrage de travaux<\/a><\/h3>\n\t\t\t<\/li>\n\t\t\t<\/ul>\n<\/div>\n<\/div><\/div><\/div><\/div>","protected":false},"excerpt":{"rendered":"<p>La mission DNS Engineering a \u00e9t\u00e9 int\u00e9gr\u00e9 l&rsquo;\u00e9quipe de l&rsquo;AMOA. L&rsquo;objectif \u00e9tait de participer au d\u00e9marrage de l&rsquo;op\u00e9ration en phase travaux : Dynamiser les \u00e9changes entre les acteurs du projet (entreprises, bureaux d\u2019\u00e9tudes, architecte, bureau de contr\u00f4le\u2026), Participer aux r\u00e9unions de travaux dans l\u2019objectif de lancer les travaux de fondations et de gros \u0153uvre, Le [&hellip;]<\/p>\n","protected":false},"author":1,"featured_media":0,"parent":0,"menu_order":0,"comment_status":"closed","ping_status":"closed","template":"","meta":{"footnotes":""},"class_list":["post-127","page","type-page","status-publish","hentry","post","post-with-thumbnail","post-with-thumbnail-icon"],"_links":{"self":[{"href":"https:\/\/www.dns-engineering.fr\/index.php\/wp-json\/wp\/v2\/pages\/127","targetHints":{"allow":["GET"]}}],"collection":[{"href":"https:\/\/www.dns-engineering.fr\/index.php\/wp-json\/wp\/v2\/pages"}],"about":[{"href":"https:\/\/www.dns-engineering.fr\/index.php\/wp-json\/wp\/v2\/types\/page"}],"author":[{"embeddable":true,"href":"https:\/\/www.dns-engineering.fr\/index.php\/wp-json\/wp\/v2\/users\/1"}],"replies":[{"embeddable":true,"href":"https:\/\/www.dns-engineering.fr\/index.php\/wp-json\/wp\/v2\/comments?post=127"}],"version-history":[{"count":67,"href":"https:\/\/www.dns-engineering.fr\/index.php\/wp-json\/wp\/v2\/pages\/127\/revisions"}],"predecessor-version":[{"id":188,"href":"https:\/\/www.dns-engineering.fr\/index.php\/wp-json\/wp\/v2\/pages\/127\/revisions\/188"}],"wp:attachment":[{"href":"https:\/\/www.dns-engineering.fr\/index.php\/wp-json\/wp\/v2\/media?parent=127"}],"curies":[{"name":"wp","href":"https:\/\/api.w.org\/{rel}","templated":true}]}}