{"id":105,"date":"2020-03-09T09:11:37","date_gmt":"2020-03-09T08:11:37","guid":{"rendered":"https:\/\/www.dns-engineering.fr\/?page_id=105"},"modified":"2023-09-19T09:34:07","modified_gmt":"2023-09-19T07:34:07","slug":"notre-approche","status":"publish","type":"page","link":"https:\/\/www.dns-engineering.fr\/index.php\/notre-approche\/","title":{"rendered":"Approche"},"content":{"rendered":"<div id=\"pl-105\"  class=\"panel-layout\" ><div id=\"pg-105-0\"  class=\"panel-grid panel-no-style\" ><div id=\"pgc-105-0-0\"  class=\"panel-grid-cell\" ><div id=\"panel-105-0-0-0\" class=\"so-panel widget widget_sow-editor panel-first-child panel-last-child\" data-index=\"0\" ><div\n\t\t\t\n\t\t\tclass=\"so-widget-sow-editor so-widget-sow-editor-base\"\n\t\t\t\n\t\t>\n<div class=\"siteorigin-widget-tinymce textwidget\">\n\t<div id=\"pg-61-0\" class=\"panel-grid panel-no-style\">\n<div id=\"pgc-61-0-0\" class=\"panel-grid-cell\">\n<div id=\"panel-61-0-0-0\" class=\"so-panel widget widget_sow-editor panel-first-child panel-last-child\" data-index=\"0\">\n<div class=\"so-widget-sow-editor so-widget-sow-editor-base\">\n<div class=\"siteorigin-widget-tinymce textwidget\">\n<p>DNS Engineering intervient aupr\u00e8s d'Entreprises de travaux depuis 2014 afin de leurs apporter le soutien n\u00e9cessaire dans la gestion de leur projet de construction et d'infrastructure.<\/p>\n<p>Notre soutien passe par 2 approches:<\/p>\n<ul>\n<li>du suivi de l'ex\u00e9cution orient\u00e9 sur l'Ordonnancement, le Pilotage et la Coordination d\u2019un projet dans l'objectif de faire respecter les exigences des plannings d'\u00e9tude, de travaux et de mise en service dans des contextes complexes,<\/li>\n<li>du conseil li\u00e9 \u00e0 la gestion d'un contrat particulier dans l'objectif de s\u00e9curiser le d\u00e9roulement du projet.<\/li>\n<\/ul>\n<p>Fort de notre exp\u00e9rience, nous comprenons que les origines des difficult\u00e9s d\u2019un projet sont multiples. Ces difficult\u00e9s peuvent amener \u00e0 en d\u00e9grader le bon d\u00e9roulement. Notre apportons une vision afin de pr\u00e9venir, d'anticiper et de surmonter ces difficult\u00e9s.<\/p>\n<p>Notre approche globale permet d\u2019identifier les leviers, internes et externes, en capacit\u00e9 de s\u00e9curiser le d\u00e9roulement d\u2019un projet.<\/p>\n<\/div>\n<\/div>\n<\/div>\n<\/div>\n<\/div>\n<\/div>\n<\/div><\/div><\/div><\/div><div id=\"pg-105-1\"  class=\"panel-grid panel-has-style\" ><div class=\"wide-grey panel-row-style panel-row-style-for-105-1\" ><div id=\"pgc-105-1-0\"  class=\"panel-grid-cell\" ><div id=\"panel-105-1-0-0\" class=\"so-panel widget widget_headline-widget panel-first-child panel-last-child\" data-index=\"1\" >\t\t<h1>  Nos forces profondes r\u00e9sident dans :<\/h1>\n\t\t<div class=\"decoration\"><div class=\"decoration-inside\"><\/div><\/div>\n\t\t<h3><\/h3>\n\t\t<\/div><\/div><\/div><\/div><div id=\"pg-105-2\"  class=\"panel-grid panel-no-style\" ><div id=\"pgc-105-2-0\"  class=\"panel-grid-cell\" ><div id=\"panel-105-2-0-0\" class=\"so-panel widget widget_sow-editor panel-first-child panel-last-child\" data-index=\"2\" ><div\n\t\t\t\n\t\t\tclass=\"so-widget-sow-editor so-widget-sow-editor-base\"\n\t\t\t\n\t\t>\n<div class=\"siteorigin-widget-tinymce textwidget\">\n\t<h1 style=\"text-align: center;\"><strong>L'agilit\u00e9<\/strong><\/h1>\n<p style=\"text-align: center;\">Notre capacit\u00e9 de compr\u00e9hension technique, syst\u00e9mique et humaine est la base essentielle de notre travail. En connaissance du contexte, nous adaptons notre approche. Les al\u00e9as servent \u00e0 \u00e9prouver la robustesse des outils mis en place et \u00e0 les adapter aux nouveaux besoins.<\/p>\n<\/div>\n<\/div><\/div><\/div><div id=\"pgc-105-2-1\"  class=\"panel-grid-cell\" ><div id=\"panel-105-2-1-0\" class=\"so-panel widget widget_sow-editor panel-first-child panel-last-child\" data-index=\"3\" ><div\n\t\t\t\n\t\t\tclass=\"so-widget-sow-editor so-widget-sow-editor-base\"\n\t\t\t\n\t\t>\n<div class=\"siteorigin-widget-tinymce textwidget\">\n\t<h1 style=\"text-align: center;\"><strong>La simplicit\u00e9<\/strong><\/h1>\n<p style=\"text-align: center;\">La d\u00e9composition en \u00e9l\u00e9ments simples sert de base \u00e0 la p\u00e9dagogie n\u00e9cessaire \u00e0 la mise en place des actions n\u00e9cessaires au bon d\u00e9roulement du projet.<\/p>\n<\/div>\n<\/div><\/div><\/div><div id=\"pgc-105-2-2\"  class=\"panel-grid-cell\" ><div id=\"panel-105-2-2-0\" class=\"so-panel widget widget_sow-editor panel-first-child panel-last-child\" data-index=\"4\" ><div\n\t\t\t\n\t\t\tclass=\"so-widget-sow-editor so-widget-sow-editor-base\"\n\t\t\t\n\t\t>\n<div class=\"siteorigin-widget-tinymce textwidget\">\n\t<h1 style=\"text-align: center;\"><strong>L'action<\/strong><\/h1>\n<p style=\"text-align: center;\">Notre approche op\u00e9rationnelle nous am\u00e8ne \u00e0 nous int\u00e9grer dans les \u00e9quipes de notre client, \u00e0 produire des documents, \u00e0 mobiliser et \u00e0 f\u00e9d\u00e9rer les \u00e9quipes autour de la r\u00e9ussite du projet.<\/p>\n<\/div>\n<\/div><\/div><\/div><\/div><div id=\"pg-105-3\"  class=\"panel-grid panel-no-style\" ><div id=\"pgc-105-3-0\"  class=\"panel-grid-cell\" ><div id=\"panel-105-3-0-0\" class=\"so-panel widget widget_siteorigin-panels-postloop panel-first-child panel-last-child\" data-index=\"5\" ><h3 class=\"widget-title\"><span class=\"vantage-carousel-title\"><span class=\"vantage-carousel-title-text\">Nos r\u00e9f\u00e9rences<\/span><a href=\"#\" class=\"next\" title=\"Next\"><span class=\"vantage-icon-arrow-right\"><\/span><\/a><a href=\"#\" class=\"previous\" title=\"Previous\"><span class=\"vantage-icon-arrow-left\"><\/span><\/a><\/span><\/h3><div class=\"vantage-carousel-wrapper\">\n\t\n\t<ul\n\t\tclass=\"vantage-carousel\"\n\t\tdata-query=\"{&quot;post_status&quot;:&quot;publish&quot;,&quot;posts_per_page&quot;:4,&quot;post_type&quot;:&quot;post&quot;,&quot;tax_query&quot;:{&quot;relation&quot;:&quot;OR&quot;,&quot;0&quot;:{&quot;taxonomy&quot;:&quot;category&quot;,&quot;field&quot;:&quot;slug&quot;,&quot;terms&quot;:&quot;references&quot;}},&quot;date_type&quot;:&quot;specific&quot;,&quot;date_query&quot;:{&quot;after&quot;:&quot;&quot;,&quot;before&quot;:&quot;&quot;,&quot;inclusive&quot;:true},&quot;date_query_relative&quot;:&quot;{\\&quot;from\\&quot;:{\\&quot;value\\&quot;:0,\\&quot;unit\\&quot;:\\&quot;days\\&quot;},\\&quot;to\\&quot;:{\\&quot;value\\&quot;:0,\\&quot;unit\\&quot;:\\&quot;days\\&quot;}}&quot;,&quot;orderby&quot;:&quot;date&quot;,&quot;order&quot;:&quot;DESC&quot;,&quot;post__not_in&quot;:[105,105],&quot;paged&quot;:1,&quot;category_name&quot;:&quot;references&quot;,&quot;cat&quot;:2,&quot;fields&quot;:&quot;all&quot;,&quot;lazy_load_term_meta&quot;:true}\"\n\t\tdata-ajax-url=\"https:\/\/www.dns-engineering.fr\/wp-admin\/admin-ajax.php?vantage_carousel_nonce=fca56f671f\"\n\t>\n\t\t\t\t\t<li class=\"carousel-entry\">\n\t\t\t\t<div class=\"thumbnail\">\n\t\t\t\t\t\t\t\t\t\t\t<a href=\"https:\/\/www.dns-engineering.fr\/index.php\/2021\/06\/27\/eole-rer-e-accompagnement-gestion-de-contrat\/\" style=\"background-image: url(https:\/\/www.dns-engineering.fr\/wp-content\/uploads\/2021\/06\/eole-map-popup-272x182.jpg)\">\n\t\t\t\t\t\t<\/a>\n\t\t\t\t\t\t\t\t\t<\/div>\n\t\t\t\t\t\t\t\t<h3><a href=\"https:\/\/www.dns-engineering.fr\/index.php\/2021\/06\/27\/eole-rer-e-accompagnement-gestion-de-contrat\/\">EOLE RER E &#8211; Accompagnement gestion de contrat<\/a><\/h3>\n\t\t\t<\/li>\n\t\t\t\t\t<li class=\"carousel-entry\">\n\t\t\t\t<div class=\"thumbnail\">\n\t\t\t\t\t\t\t\t\t\t\t<a href=\"https:\/\/www.dns-engineering.fr\/index.php\/2021\/06\/25\/centrale-a-cycle-combine-au-gaz-naturel-assistance-dans-la-gestion-contractuelle\/\" style=\"background-image: url(https:\/\/www.dns-engineering.fr\/wp-content\/uploads\/2021\/06\/Landivisiau-0-1-272x182.png)\">\n\t\t\t\t\t\t<\/a>\n\t\t\t\t\t\t\t\t\t<\/div>\n\t\t\t\t\t\t\t\t<h3><a href=\"https:\/\/www.dns-engineering.fr\/index.php\/2021\/06\/25\/centrale-a-cycle-combine-au-gaz-naturel-assistance-dans-la-gestion-contractuelle\/\">Centrale \u00e0 cycle Combin\u00e9 au Gaz Naturel &#8211; Assistance dans la gestion contractuelle<\/a><\/h3>\n\t\t\t<\/li>\n\t\t\t\t\t<li class=\"carousel-entry\">\n\t\t\t\t<div class=\"thumbnail\">\n\t\t\t\t\t\t\t\t\t\t\t<a href=\"https:\/\/www.dns-engineering.fr\/index.php\/2021\/06\/25\/ccs-le-mans-coordination-des-etudes\/\" style=\"background-image: url(https:\/\/www.dns-engineering.fr\/wp-content\/uploads\/2021\/06\/CCS-272x182.png)\">\n\t\t\t\t\t\t<\/a>\n\t\t\t\t\t\t\t\t\t<\/div>\n\t\t\t\t\t\t\t\t<h3><a href=\"https:\/\/www.dns-engineering.fr\/index.php\/2021\/06\/25\/ccs-le-mans-coordination-des-etudes\/\">CCS Le Mans &#8211; Coordination des \u00e9tudes du groupement et accompagnement du mandataire<\/a><\/h3>\n\t\t\t<\/li>\n\t\t\t\t\t<li class=\"carousel-entry\">\n\t\t\t\t<div class=\"thumbnail\">\n\t\t\t\t\t\t\t\t\t\t\t<a href=\"https:\/\/www.dns-engineering.fr\/index.php\/2021\/06\/25\/ordener-assistance-a-demarrage-de-travaux\/\" style=\"background-image: url(https:\/\/www.dns-engineering.fr\/wp-content\/uploads\/2021\/06\/Ordener-272x182.png)\">\n\t\t\t\t\t\t<\/a>\n\t\t\t\t\t\t\t\t\t<\/div>\n\t\t\t\t\t\t\t\t<h3><a href=\"https:\/\/www.dns-engineering.fr\/index.php\/2021\/06\/25\/ordener-assistance-a-demarrage-de-travaux\/\">Ordener &#8211; Assistance \u00e0 d\u00e9marrage de travaux<\/a><\/h3>\n\t\t\t<\/li>\n\t\t\t<\/ul>\n<\/div>\n<\/div><\/div><\/div><\/div>","protected":false},"excerpt":{"rendered":"<p>La mission DNS Engineering a \u00e9t\u00e9 int\u00e9gr\u00e9 l&rsquo;\u00e9quipe de l&rsquo;AMOA. L&rsquo;objectif \u00e9tait de participer au d\u00e9marrage de l&rsquo;op\u00e9ration en phase travaux : Dynamiser les \u00e9changes entre les acteurs du projet (entreprises, bureaux d\u2019\u00e9tudes, architecte, bureau de contr\u00f4le\u2026), Participer aux r\u00e9unions de travaux dans l\u2019objectif de lancer les travaux de fondations et de gros \u0153uvre, Le [&hellip;]<\/p>\n","protected":false},"author":1,"featured_media":0,"parent":0,"menu_order":0,"comment_status":"closed","ping_status":"closed","template":"","meta":{"footnotes":""},"class_list":["post-105","page","type-page","status-publish","hentry","post","post-with-thumbnail","post-with-thumbnail-icon"],"_links":{"self":[{"href":"https:\/\/www.dns-engineering.fr\/index.php\/wp-json\/wp\/v2\/pages\/105","targetHints":{"allow":["GET"]}}],"collection":[{"href":"https:\/\/www.dns-engineering.fr\/index.php\/wp-json\/wp\/v2\/pages"}],"about":[{"href":"https:\/\/www.dns-engineering.fr\/index.php\/wp-json\/wp\/v2\/types\/page"}],"author":[{"embeddable":true,"href":"https:\/\/www.dns-engineering.fr\/index.php\/wp-json\/wp\/v2\/users\/1"}],"replies":[{"embeddable":true,"href":"https:\/\/www.dns-engineering.fr\/index.php\/wp-json\/wp\/v2\/comments?post=105"}],"version-history":[{"count":51,"href":"https:\/\/www.dns-engineering.fr\/index.php\/wp-json\/wp\/v2\/pages\/105\/revisions"}],"predecessor-version":[{"id":536,"href":"https:\/\/www.dns-engineering.fr\/index.php\/wp-json\/wp\/v2\/pages\/105\/revisions\/536"}],"wp:attachment":[{"href":"https:\/\/www.dns-engineering.fr\/index.php\/wp-json\/wp\/v2\/media?parent=105"}],"curies":[{"name":"wp","href":"https:\/\/api.w.org\/{rel}","templated":true}]}}